
{"id":11282,"date":"2026-05-16T18:17:57","date_gmt":"2026-05-16T16:17:57","guid":{"rendered":"https:\/\/www.wernerconsult.com\/?page_id=11282"},"modified":"2026-05-16T18:40:55","modified_gmt":"2026-05-16T16:40:55","slug":"qualitaet-nachhaltigkeit","status":"publish","type":"page","link":"https:\/\/www.wernerconsult.com\/en\/qualitaet-nachhaltigkeit\/","title":{"rendered":"Qualit\u00e4t &#038; Nachhaltigkeit"},"content":{"rendered":"<div data-elementor-type=\"wp-page\" data-elementor-id=\"11282\" class=\"elementor elementor-11282\" data-elementor-post-type=\"page\">\n\t\t\t\t<div class=\"elementor-element elementor-element-68ff9764 e-flex e-con-boxed e-con e-parent\" data-id=\"68ff9764\" data-element_type=\"container\" data-e-type=\"container\" data-settings=\"{&quot;background_background&quot;:&quot;classic&quot;}\">\n\t\t\t\t\t<div class=\"e-con-inner\">\n\t\t\t\t\t<\/div>\n\t\t\t\t<\/div>\n\t\t<div class=\"elementor-element elementor-element-1422319e e-flex e-con-boxed e-con e-parent\" data-id=\"1422319e\" data-element_type=\"container\" data-e-type=\"container\" id=\"quality\" data-settings=\"{&quot;shape_divider_bottom&quot;:&quot;tilt&quot;,&quot;background_background&quot;:&quot;classic&quot;}\">\n\t\t\t\t\t<div class=\"e-con-inner\">\n\t\t\t\t<div class=\"elementor-shape elementor-shape-bottom\" aria-hidden=\"true\" data-negative=\"false\">\n\t\t\t<svg xmlns=\"http:\/\/www.w3.org\/2000\/svg\" viewbox=\"0 0 1000 100\" preserveaspectratio=\"none\">\n\t<path class=\"elementor-shape-fill\" d=\"M0,6V0h1000v100L0,6z\"\/>\n<\/svg>\t\t<\/div>\n\t\t<div class=\"elementor-element elementor-element-7b09e12c e-con-full e-flex e-con e-child\" data-id=\"7b09e12c\" data-element_type=\"container\" data-e-type=\"container\">\n\t\t\t\t<div class=\"elementor-element elementor-element-40bee9cd elementor-widget elementor-widget-image\" data-id=\"40bee9cd\" data-element_type=\"widget\" data-e-type=\"widget\" data-widget_type=\"image.default\">\n\t\t\t\t\t\t\t\t\t\t\t\t\t\t\t<img fetchpriority=\"high\" decoding=\"async\" width=\"800\" height=\"800\" src=\"https:\/\/www.wernerconsult.com\/wp-content\/uploads\/2026\/05\/csr-1030x1030.png\" class=\"attachment-large size-large wp-image-11194\" alt=\"ecovadis Nachhaltigkeitszertifizierung\u2013 Werner Consult\" srcset=\"https:\/\/www.wernerconsult.com\/wp-content\/uploads\/2026\/05\/csr-1030x1030.png 1030w, https:\/\/www.wernerconsult.com\/wp-content\/uploads\/2026\/05\/csr-300x300.png 300w, https:\/\/www.wernerconsult.com\/wp-content\/uploads\/2026\/05\/csr-80x80.png 80w, https:\/\/www.wernerconsult.com\/wp-content\/uploads\/2026\/05\/csr-768x768.png 768w, https:\/\/www.wernerconsult.com\/wp-content\/uploads\/2026\/05\/csr-1536x1536.png 1536w, https:\/\/www.wernerconsult.com\/wp-content\/uploads\/2026\/05\/csr-12x12.png 12w, https:\/\/www.wernerconsult.com\/wp-content\/uploads\/2026\/05\/csr.png 1280w\" sizes=\"(max-width: 800px) 100vw, 800px\" \/>\t\t\t\t\t\t\t\t\t\t\t\t\t\t\t<\/div>\n\t\t\t\t<div class=\"elementor-element elementor-element-7daf5bd7 elementor-widget elementor-widget-heading\" data-id=\"7daf5bd7\" data-element_type=\"widget\" data-e-type=\"widget\" data-widget_type=\"heading.default\">\n\t\t\t\t\t<h2 class=\"elementor-heading-title elementor-size-default\">Ecovadis Sustainability Certification<\/h2>\t\t\t\t<\/div>\n\t\t\t\t<div class=\"elementor-element elementor-element-40277e52 elementor-widget elementor-widget-text-editor\" data-id=\"40277e52\" data-element_type=\"widget\" data-e-type=\"widget\" data-widget_type=\"text-editor.default\">\n\t\t\t\t\t\t\t\t\t<p>WERNER CONSULT hat erfolgreich die Nachhaltigkeitszertifizierung von ecovadis erhalten.<\/p>\n<p>Im Rahmen der Bewertung wurden unsere Leistungen in den Bereichen Umwelt, Arbeits- und Menschenrechte, Ethik sowie nachhaltige Beschaffung ber\u00fccksichtigt.<\/p>\n<p>Die erfolgreiche Erstzertifizierung ist ein wichtiger Schritt \u2013 wir bleiben jedoch weiterhin entschlossen, unsere Standards kontinuierlich zu verbessern und den Weg zu einer noch nachhaltigeren Zukunft zu gestalten.<\/p>\n\t\t\t\t\t\t\t\t<\/div>\n\t\t\t\t<\/div>\n\t\t<div class=\"elementor-element elementor-element-7ea766c e-con-full e-flex e-con e-child\" data-id=\"7ea766c\" data-element_type=\"container\" data-e-type=\"container\">\n\t\t\t\t<div class=\"elementor-element elementor-element-74711b4d elementor-widget elementor-widget-heading\" data-id=\"74711b4d\" data-element_type=\"widget\" data-e-type=\"widget\" data-widget_type=\"heading.default\">\n\t\t\t\t\t<h2 class=\"elementor-heading-title elementor-size-default\">Committed to quality.<\/h2>\t\t\t\t<\/div>\n\t\t\t\t<div class=\"elementor-element elementor-element-2a6340c8 elementor-widget elementor-widget-text-editor\" data-id=\"2a6340c8\" data-element_type=\"widget\" data-e-type=\"widget\" data-widget_type=\"text-editor.default\">\n\t\t\t\t\t\t\t\t\t<p>WERNER CONSULT is governed by the strict regulations and professional rules of civil engineers, which impose a compulsory personal liability on the part of each civil engineer for the services provided by him or her, resulting in a constant commitment to quality.<\/p>\n<p>The management of WERNER CONSULT sees quality as a key objective of its corporate policy and its implementation as a priority management task. It was therefore at a very early stage that a Quality Management System according to EN ISO 9001 was introduced and integrated into the daily work of the company. Thus it can be ensured that the organisational, commercial and technical activities are planned, managed, implemented and monitored in an appropriate manner and that the best possible quality services are delivered to our clients.<\/p>\n\t\t\t\t\t\t\t\t<\/div>\n\t\t\t\t<div class=\"elementor-element elementor-element-7c348ae3 elementor-widget elementor-widget-image\" data-id=\"7c348ae3\" data-element_type=\"widget\" data-e-type=\"widget\" data-widget_type=\"image.default\">\n\t\t\t\t\t\t\t\t\t\t\t\t\t\t\t\t<a href=\"https:\/\/www.wernerconsult.com\/wp-content\/uploads\/2026\/03\/QM-3.webp\" data-elementor-open-lightbox=\"yes\" data-e-action-hash=\"#elementor-action%3Aaction%3Dlightbox%26settings%3DeyJpZCI6MTAxNDgsInVybCI6Imh0dHBzOlwvXC93d3cud2VybmVyY29uc3VsdC5jb21cL3dwLWNvbnRlbnRcL3VwbG9hZHNcLzIwMjZcLzAzXC9RTS0zLndlYnAifQ%3D%3D\">\n\t\t\t\t\t\t\t<img decoding=\"async\" width=\"800\" height=\"569\" src=\"https:\/\/www.wernerconsult.com\/wp-content\/uploads\/2026\/03\/QM-3-1030x733.webp\" class=\"attachment-large size-large wp-image-10148\" alt=\"Unternehmen \u2013 Werner Consult\" srcset=\"https:\/\/www.wernerconsult.com\/wp-content\/uploads\/2026\/03\/QM-3-1030x733.webp 1030w, https:\/\/www.wernerconsult.com\/wp-content\/uploads\/2026\/03\/QM-3-300x213.webp 300w, https:\/\/www.wernerconsult.com\/wp-content\/uploads\/2026\/03\/QM-3-768x546.webp 768w, https:\/\/www.wernerconsult.com\/wp-content\/uploads\/2026\/03\/QM-3-1536x1093.webp 1536w, https:\/\/www.wernerconsult.com\/wp-content\/uploads\/2026\/03\/QM-3-18x12.webp 18w, https:\/\/www.wernerconsult.com\/wp-content\/uploads\/2026\/03\/QM-3.webp 1712w\" sizes=\"(max-width: 800px) 100vw, 800px\" \/>\t\t\t\t\t\t\t\t<\/a>\n\t\t\t\t\t\t\t\t\t\t\t\t\t\t\t<\/div>\n\t\t\t\t<\/div>\n\t\t\t\t\t<\/div>\n\t\t\t\t<\/div>\n\t\t<div class=\"elementor-element elementor-element-61b37c7f e-flex e-con-boxed e-con e-parent\" data-id=\"61b37c7f\" data-element_type=\"container\" data-e-type=\"container\" id=\"nachhaltigkeit\" data-settings=\"{&quot;shape_divider_bottom&quot;:&quot;tilt&quot;,&quot;background_background&quot;:&quot;classic&quot;}\">\n\t\t\t\t\t<div class=\"e-con-inner\">\n\t\t\t\t<div class=\"elementor-shape elementor-shape-bottom\" aria-hidden=\"true\" data-negative=\"false\">\n\t\t\t<svg xmlns=\"http:\/\/www.w3.org\/2000\/svg\" viewbox=\"0 0 1000 100\" preserveaspectratio=\"none\">\n\t<path class=\"elementor-shape-fill\" d=\"M0,6V0h1000v100L0,6z\"\/>\n<\/svg>\t\t<\/div>\n\t\t<div class=\"elementor-element elementor-element-d50eb3 e-con-full e-flex e-con e-child\" data-id=\"d50eb3\" data-element_type=\"container\" data-e-type=\"container\">\n\t\t\t\t<div class=\"elementor-element elementor-element-304e1f21 elementor-widget elementor-widget-heading\" data-id=\"304e1f21\" data-element_type=\"widget\" data-e-type=\"widget\" data-widget_type=\"heading.default\">\n\t\t\t\t\t<h2 class=\"elementor-heading-title elementor-size-default\">Sustainability at Werner Consult<\/h2>\t\t\t\t<\/div>\n\t\t\t\t<div class=\"elementor-element elementor-element-280dcd0b elementor-widget elementor-widget-text-editor\" data-id=\"280dcd0b\" data-element_type=\"widget\" data-e-type=\"widget\" data-widget_type=\"text-editor.default\">\n\t\t\t\t\t\t\t\t\t<p>Climate protection and sustainability are values we live by. When it comes to contributing to the protection of our environment, we don\u2019t let anything or anyone stop us.<\/p>\n<p>Wir setzen laufend nachhaltige Ma\u00dfnahmen um, dazu z\u00e4hlt unter anderem der Ausbau der E-Mobilit\u00e4t und die F\u00f6rderung der Nutzung \u00f6ffentlicher Verkehrsmittel. Erg\u00e4nzend dazu haben wir Plastikflaschen aus dem Unternehmensalltag verbannt und setzen weitere Initiativen zur Ressourcenschonung um. Auch in der Infrastruktur wird Nachhaltigkeit konsequent mitgedacht: Unsere Stra\u00dfenplanung ber\u00fccksichtigt zunehmend Radwege, zudem f\u00f6rdern wir Firmen-Bikes und stellen f\u00fcr Fahrr\u00e4der einen versperrbaren, witterungsgesch\u00fctzten Abstellraum zur Verf\u00fcgung.<\/p>\n<p>Ein wesentlicher Beitrag kommt von unserer Photovoltaikanlage am Dach der Wiener Zentrale, die seit 2020 einen gro\u00dfen Teil des Strombedarfs aus eigener Sonnenenergie deckt. 2023 wurde eine weitere PV-Anlage in Betrieb genommen, 2024 folgte der Ausbau der E-Ladestationen auf insgesamt 14 Ladepl\u00e4tze f\u00fcr Elektrofahrzeuge. Der Anteil elektrischer Fahrzeuge im Fuhrpark liegt bereits bei 60 %. Auch au\u00dferhalb der Eigenproduktion setzen wir konsequent auf Nachhaltigkeit und beziehen an allen Standorten ausschlie\u00dflich \u00d6kostrom.<\/p>\n<p>Of course, we also pay a lot of attention to sustainability in our projects. We were even awarded the Austrian Green Planet Award for our work on the Austria Pavilion at the EXPO in Dubai.<\/p>\n<p>Another milestone in our commitment to climate protection was the award presented at the 6th Austrian Energy Efficiency Congress in 2025: WERNER CONSULT was honored by klimaaktiv, the federal government\u2019s climate protection initiative, for outstanding energy efficiency measures. Particular emphasis was placed on the expansion of our photovoltaic systems, the advancement of e-mobility, the introduction of smart building control, and company-wide energy monitoring.\n\nTranslated with DeepL.com (free version)<\/p>\n<p>We are proud to be part of this exclusive network of forward-thinking businesses as one of only 46 klimaaktiv partner companies.<\/p>\n<p>With this recognition, the Ministry of Economic Affairs has affirmed our consistent efforts to reduce energy consumption and increase the use of renewable energy. At the same time, it underscores that we do not merely plan for sustainability, but actively and measurably implement it\u2014both in our own operations and in our projects.<\/p>\n\t\t\t\t\t\t\t\t<\/div>\n\t\t\t\t<div class=\"elementor-element elementor-element-74f242fa elementor-widget elementor-widget-image\" data-id=\"74f242fa\" data-element_type=\"widget\" data-e-type=\"widget\" data-widget_type=\"image.default\">\n\t\t\t\t\t\t\t\t\t\t\t\t\t\t\t<img decoding=\"async\" width=\"800\" height=\"534\" src=\"https:\/\/www.wernerconsult.com\/wp-content\/uploads\/2025\/12\/csm_21_Auszeichnung_klimaaktivBetriebe2025_Peter_Griesser_cf59cf3233.jpg\" class=\"attachment-large size-large wp-image-10029\" alt=\"Unternehmen \u2013 Werner Consult\" srcset=\"https:\/\/www.wernerconsult.com\/wp-content\/uploads\/2025\/12\/csm_21_Auszeichnung_klimaaktivBetriebe2025_Peter_Griesser_cf59cf3233.jpg 1000w, https:\/\/www.wernerconsult.com\/wp-content\/uploads\/2025\/12\/csm_21_Auszeichnung_klimaaktivBetriebe2025_Peter_Griesser_cf59cf3233-300x200.jpg 300w, https:\/\/www.wernerconsult.com\/wp-content\/uploads\/2025\/12\/csm_21_Auszeichnung_klimaaktivBetriebe2025_Peter_Griesser_cf59cf3233-768x512.jpg 768w, https:\/\/www.wernerconsult.com\/wp-content\/uploads\/2025\/12\/csm_21_Auszeichnung_klimaaktivBetriebe2025_Peter_Griesser_cf59cf3233-705x470.jpg 705w\" sizes=\"(max-width: 800px) 100vw, 800px\" \/>\t\t\t\t\t\t\t\t\t\t\t\t\t\t\t<\/div>\n\t\t\t\t<\/div>\n\t\t<div class=\"elementor-element elementor-element-6d80b8ca e-con-full e-flex e-con e-child\" data-id=\"6d80b8ca\" data-element_type=\"container\" data-e-type=\"container\">\n\t\t\t\t<div class=\"elementor-element elementor-element-76effe8d elementor-widget elementor-widget-video\" data-id=\"76effe8d\" data-element_type=\"widget\" data-e-type=\"widget\" data-settings=\"{&quot;youtube_url&quot;:&quot;https:\\\/\\\/www.youtube.com\\\/watch?v=5KwM896iljU&quot;,&quot;video_type&quot;:&quot;youtube&quot;,&quot;controls&quot;:&quot;yes&quot;}\" data-widget_type=\"video.default\">\n\t\t\t\t\t\t\t<div class=\"elementor-wrapper elementor-open-inline\">\n\t\t\t<div class=\"elementor-video\"><\/div>\t\t<\/div>\n\t\t\t\t\t\t<\/div>\n\t\t\t\t<div class=\"elementor-element elementor-element-4f680beb elementor-widget elementor-widget-image\" data-id=\"4f680beb\" data-element_type=\"widget\" data-e-type=\"widget\" data-widget_type=\"image.default\">\n\t\t\t\t\t\t\t\t\t\t\t\t\t\t\t<img loading=\"lazy\" decoding=\"async\" width=\"728\" height=\"1030\" src=\"https:\/\/www.wernerconsult.com\/wp-content\/uploads\/2026\/01\/Urkunden_klimaaktiv_Betriebe_Partner_Werner-Consult_1-728x1030.jpg\" class=\"attachment-large size-large wp-image-10044\" alt=\"Unternehmen \u2013 Werner Consult\" srcset=\"https:\/\/www.wernerconsult.com\/wp-content\/uploads\/2026\/01\/Urkunden_klimaaktiv_Betriebe_Partner_Werner-Consult_1-728x1030.jpg 728w, https:\/\/www.wernerconsult.com\/wp-content\/uploads\/2026\/01\/Urkunden_klimaaktiv_Betriebe_Partner_Werner-Consult_1-212x300.jpg 212w, https:\/\/www.wernerconsult.com\/wp-content\/uploads\/2026\/01\/Urkunden_klimaaktiv_Betriebe_Partner_Werner-Consult_1-768x1086.jpg 768w, https:\/\/www.wernerconsult.com\/wp-content\/uploads\/2026\/01\/Urkunden_klimaaktiv_Betriebe_Partner_Werner-Consult_1-1086x1536.jpg 1086w, https:\/\/www.wernerconsult.com\/wp-content\/uploads\/2026\/01\/Urkunden_klimaaktiv_Betriebe_Partner_Werner-Consult_1-1448x2048.jpg 1448w, https:\/\/www.wernerconsult.com\/wp-content\/uploads\/2026\/01\/Urkunden_klimaaktiv_Betriebe_Partner_Werner-Consult_1-1060x1500.jpg 1060w, https:\/\/www.wernerconsult.com\/wp-content\/uploads\/2026\/01\/Urkunden_klimaaktiv_Betriebe_Partner_Werner-Consult_1-498x705.jpg 498w, https:\/\/www.wernerconsult.com\/wp-content\/uploads\/2026\/01\/Urkunden_klimaaktiv_Betriebe_Partner_Werner-Consult_1.jpg 905w\" sizes=\"(max-width: 728px) 100vw, 728px\" \/>\t\t\t\t\t\t\t\t\t\t\t\t\t\t\t<\/div>\n\t\t\t\t<\/div>\n\t\t\t\t\t<\/div>\n\t\t\t\t<\/div>\n\t\t\t\t<\/div>","protected":false},"excerpt":{"rendered":"","protected":false},"author":15,"featured_media":11283,"parent":0,"menu_order":0,"comment_status":"closed","ping_status":"closed","template":"elementor_header_footer","meta":{"_acf_changed":false,"footnotes":""},"class_list":["post-11282","page","type-page","status-publish","has-post-thumbnail","hentry"],"acf":[],"yoast_head":"<!-- This site is optimized with the Yoast SEO plugin v27.6 - https:\/\/yoast.com\/product\/yoast-seo-wordpress\/ -->\n<title>Qualit\u00e4t &amp; Nachhaltigkeit &#8211; Werner Consult<\/title>\n<meta name=\"description\" content=\"Wir setzen laufend nachhaltige Ma\u00dfnahmen um, anderem der Ausbau der E-Mobilit\u00e4t und die F\u00f6rderung der Nutzung \u00f6ffentlicher Verkehrsmittel.\" \/>\n<meta name=\"robots\" content=\"index, follow, max-snippet:-1, max-image-preview:large, max-video-preview:-1\" \/>\n<link rel=\"canonical\" href=\"https:\/\/www.wernerconsult.com\/en\/qualitaet-nachhaltigkeit\/\" \/>\n<meta property=\"og:locale\" content=\"en_US\" \/>\n<meta property=\"og:type\" content=\"article\" \/>\n<meta property=\"og:title\" content=\"Qualit\u00e4t &amp; Nachhaltigkeit &#8211; Werner Consult\" \/>\n<meta property=\"og:description\" content=\"Wir setzen laufend nachhaltige Ma\u00dfnahmen um, anderem der Ausbau der E-Mobilit\u00e4t und die F\u00f6rderung der Nutzung \u00f6ffentlicher Verkehrsmittel.\" \/>\n<meta property=\"og:url\" content=\"https:\/\/www.wernerconsult.com\/en\/qualitaet-nachhaltigkeit\/\" \/>\n<meta property=\"og:site_name\" content=\"Werner Consult\" \/>\n<meta property=\"article:modified_time\" content=\"2026-05-16T16:40:55+00:00\" \/>\n<meta property=\"og:image\" content=\"https:\/\/www.wernerconsult.com\/wp-content\/uploads\/2026\/05\/6_e-Mobilitaet_WERNERCONSULT.jpg\" \/>\n\t<meta property=\"og:image:width\" content=\"1920\" \/>\n\t<meta property=\"og:image:height\" content=\"1081\" \/>\n\t<meta property=\"og:image:type\" content=\"image\/jpeg\" \/>\n<meta name=\"twitter:card\" content=\"summary_large_image\" \/>\n<meta name=\"twitter:label1\" content=\"Est. reading time\" \/>\n\t<meta name=\"twitter:data1\" content=\"3 minutes\" \/>\n<script type=\"application\/ld+json\" class=\"yoast-schema-graph\">{\"@context\":\"https:\\\/\\\/schema.org\",\"@graph\":[{\"@type\":\"WebPage\",\"@id\":\"https:\\\/\\\/www.wernerconsult.com\\\/qualitaet-nachhaltigkeit\\\/\",\"url\":\"https:\\\/\\\/www.wernerconsult.com\\\/qualitaet-nachhaltigkeit\\\/\",\"name\":\"Qualit\u00e4t & Nachhaltigkeit &#8211; Werner Consult\",\"isPartOf\":{\"@id\":\"https:\\\/\\\/www.wernerconsult.com\\\/#website\"},\"primaryImageOfPage\":{\"@id\":\"https:\\\/\\\/www.wernerconsult.com\\\/qualitaet-nachhaltigkeit\\\/#primaryimage\"},\"image\":{\"@id\":\"https:\\\/\\\/www.wernerconsult.com\\\/qualitaet-nachhaltigkeit\\\/#primaryimage\"},\"thumbnailUrl\":\"https:\\\/\\\/www.wernerconsult.com\\\/wp-content\\\/uploads\\\/2026\\\/05\\\/6_e-Mobilitaet_WERNERCONSULT.jpg\",\"datePublished\":\"2026-05-16T16:17:57+00:00\",\"dateModified\":\"2026-05-16T16:40:55+00:00\",\"description\":\"Wir setzen laufend nachhaltige Ma\u00dfnahmen um, anderem der Ausbau der E-Mobilit\u00e4t und die F\u00f6rderung der Nutzung \u00f6ffentlicher Verkehrsmittel.\",\"breadcrumb\":{\"@id\":\"https:\\\/\\\/www.wernerconsult.com\\\/qualitaet-nachhaltigkeit\\\/#breadcrumb\"},\"inLanguage\":\"en-US\",\"potentialAction\":[{\"@type\":\"ReadAction\",\"target\":[\"https:\\\/\\\/www.wernerconsult.com\\\/qualitaet-nachhaltigkeit\\\/\"]}]},{\"@type\":\"ImageObject\",\"inLanguage\":\"en-US\",\"@id\":\"https:\\\/\\\/www.wernerconsult.com\\\/qualitaet-nachhaltigkeit\\\/#primaryimage\",\"url\":\"https:\\\/\\\/www.wernerconsult.com\\\/wp-content\\\/uploads\\\/2026\\\/05\\\/6_e-Mobilitaet_WERNERCONSULT.jpg\",\"contentUrl\":\"https:\\\/\\\/www.wernerconsult.com\\\/wp-content\\\/uploads\\\/2026\\\/05\\\/6_e-Mobilitaet_WERNERCONSULT.jpg\",\"width\":1920,\"height\":1081,\"caption\":\"Automatisch gespeicherter Entwurf \u2013 Werner Consult\"},{\"@type\":\"BreadcrumbList\",\"@id\":\"https:\\\/\\\/www.wernerconsult.com\\\/qualitaet-nachhaltigkeit\\\/#breadcrumb\",\"itemListElement\":[{\"@type\":\"ListItem\",\"position\":1,\"name\":\"Home\",\"item\":\"https:\\\/\\\/www.wernerconsult.com\\\/\"},{\"@type\":\"ListItem\",\"position\":2,\"name\":\"Qualit\u00e4t &#038; Nachhaltigkeit\"}]},{\"@type\":\"WebSite\",\"@id\":\"https:\\\/\\\/www.wernerconsult.com\\\/#website\",\"url\":\"https:\\\/\\\/www.wernerconsult.com\\\/\",\"name\":\"Werner Consult\",\"description\":\"wernerconsult.com\",\"publisher\":{\"@id\":\"https:\\\/\\\/www.wernerconsult.com\\\/#organization\"},\"potentialAction\":[{\"@type\":\"SearchAction\",\"target\":{\"@type\":\"EntryPoint\",\"urlTemplate\":\"https:\\\/\\\/www.wernerconsult.com\\\/?s={search_term_string}\"},\"query-input\":{\"@type\":\"PropertyValueSpecification\",\"valueRequired\":true,\"valueName\":\"search_term_string\"}}],\"inLanguage\":\"en-US\"},{\"@type\":\"Organization\",\"@id\":\"https:\\\/\\\/www.wernerconsult.com\\\/#organization\",\"name\":\"Werner Consult\",\"url\":\"https:\\\/\\\/www.wernerconsult.com\\\/\",\"logo\":{\"@type\":\"ImageObject\",\"inLanguage\":\"en-US\",\"@id\":\"https:\\\/\\\/www.wernerconsult.com\\\/#\\\/schema\\\/logo\\\/image\\\/\",\"url\":\"https:\\\/\\\/www.wernerconsult.com\\\/wp-content\\\/uploads\\\/2026\\\/03\\\/20240919_Werner_Consult_Logo_CMYK-scaled.png\",\"contentUrl\":\"https:\\\/\\\/www.wernerconsult.com\\\/wp-content\\\/uploads\\\/2026\\\/03\\\/20240919_Werner_Consult_Logo_CMYK-scaled.png\",\"width\":2560,\"height\":619,\"caption\":\"Werner Consult\"},\"image\":{\"@id\":\"https:\\\/\\\/www.wernerconsult.com\\\/#\\\/schema\\\/logo\\\/image\\\/\"}}]}<\/script>\n<!-- \/ Yoast SEO plugin. -->","yoast_head_json":{"title":"Qualit\u00e4t & Nachhaltigkeit &#8211; Werner Consult","description":"Wir setzen laufend nachhaltige Ma\u00dfnahmen um, anderem der Ausbau der E-Mobilit\u00e4t und die F\u00f6rderung der Nutzung \u00f6ffentlicher Verkehrsmittel.","robots":{"index":"index","follow":"follow","max-snippet":"max-snippet:-1","max-image-preview":"max-image-preview:large","max-video-preview":"max-video-preview:-1"},"canonical":"https:\/\/www.wernerconsult.com\/en\/qualitaet-nachhaltigkeit\/","og_locale":"en_US","og_type":"article","og_title":"Qualit\u00e4t & Nachhaltigkeit &#8211; Werner Consult","og_description":"Wir setzen laufend nachhaltige Ma\u00dfnahmen um, anderem der Ausbau der E-Mobilit\u00e4t und die F\u00f6rderung der Nutzung \u00f6ffentlicher Verkehrsmittel.","og_url":"https:\/\/www.wernerconsult.com\/en\/qualitaet-nachhaltigkeit\/","og_site_name":"Werner Consult","article_modified_time":"2026-05-16T16:40:55+00:00","og_image":[{"width":1920,"height":1081,"url":"https:\/\/www.wernerconsult.com\/wp-content\/uploads\/2026\/05\/6_e-Mobilitaet_WERNERCONSULT.jpg","type":"image\/jpeg"}],"twitter_card":"summary_large_image","twitter_misc":{"Est. reading time":"3 minutes"},"schema":{"@context":"https:\/\/schema.org","@graph":[{"@type":"WebPage","@id":"https:\/\/www.wernerconsult.com\/qualitaet-nachhaltigkeit\/","url":"https:\/\/www.wernerconsult.com\/qualitaet-nachhaltigkeit\/","name":"Qualit\u00e4t & Nachhaltigkeit &#8211; Werner Consult","isPartOf":{"@id":"https:\/\/www.wernerconsult.com\/#website"},"primaryImageOfPage":{"@id":"https:\/\/www.wernerconsult.com\/qualitaet-nachhaltigkeit\/#primaryimage"},"image":{"@id":"https:\/\/www.wernerconsult.com\/qualitaet-nachhaltigkeit\/#primaryimage"},"thumbnailUrl":"https:\/\/www.wernerconsult.com\/wp-content\/uploads\/2026\/05\/6_e-Mobilitaet_WERNERCONSULT.jpg","datePublished":"2026-05-16T16:17:57+00:00","dateModified":"2026-05-16T16:40:55+00:00","description":"Wir setzen laufend nachhaltige Ma\u00dfnahmen um, anderem der Ausbau der E-Mobilit\u00e4t und die F\u00f6rderung der Nutzung \u00f6ffentlicher Verkehrsmittel.","breadcrumb":{"@id":"https:\/\/www.wernerconsult.com\/qualitaet-nachhaltigkeit\/#breadcrumb"},"inLanguage":"en-US","potentialAction":[{"@type":"ReadAction","target":["https:\/\/www.wernerconsult.com\/qualitaet-nachhaltigkeit\/"]}]},{"@type":"ImageObject","inLanguage":"en-US","@id":"https:\/\/www.wernerconsult.com\/qualitaet-nachhaltigkeit\/#primaryimage","url":"https:\/\/www.wernerconsult.com\/wp-content\/uploads\/2026\/05\/6_e-Mobilitaet_WERNERCONSULT.jpg","contentUrl":"https:\/\/www.wernerconsult.com\/wp-content\/uploads\/2026\/05\/6_e-Mobilitaet_WERNERCONSULT.jpg","width":1920,"height":1081,"caption":"Automatisch gespeicherter Entwurf \u2013 Werner Consult"},{"@type":"BreadcrumbList","@id":"https:\/\/www.wernerconsult.com\/qualitaet-nachhaltigkeit\/#breadcrumb","itemListElement":[{"@type":"ListItem","position":1,"name":"Home","item":"https:\/\/www.wernerconsult.com\/"},{"@type":"ListItem","position":2,"name":"Qualit\u00e4t &#038; Nachhaltigkeit"}]},{"@type":"WebSite","@id":"https:\/\/www.wernerconsult.com\/#website","url":"https:\/\/www.wernerconsult.com\/","name":"Werner Consult","description":"wernerconsult.com","publisher":{"@id":"https:\/\/www.wernerconsult.com\/#organization"},"potentialAction":[{"@type":"SearchAction","target":{"@type":"EntryPoint","urlTemplate":"https:\/\/www.wernerconsult.com\/?s={search_term_string}"},"query-input":{"@type":"PropertyValueSpecification","valueRequired":true,"valueName":"search_term_string"}}],"inLanguage":"en-US"},{"@type":"Organization","@id":"https:\/\/www.wernerconsult.com\/#organization","name":"Werner Consult","url":"https:\/\/www.wernerconsult.com\/","logo":{"@type":"ImageObject","inLanguage":"en-US","@id":"https:\/\/www.wernerconsult.com\/#\/schema\/logo\/image\/","url":"https:\/\/www.wernerconsult.com\/wp-content\/uploads\/2026\/03\/20240919_Werner_Consult_Logo_CMYK-scaled.png","contentUrl":"https:\/\/www.wernerconsult.com\/wp-content\/uploads\/2026\/03\/20240919_Werner_Consult_Logo_CMYK-scaled.png","width":2560,"height":619,"caption":"Werner Consult"},"image":{"@id":"https:\/\/www.wernerconsult.com\/#\/schema\/logo\/image\/"}}]}},"_links":{"self":[{"href":"https:\/\/www.wernerconsult.com\/en\/wp-json\/wp\/v2\/pages\/11282","targetHints":{"allow":["GET"]}}],"collection":[{"href":"https:\/\/www.wernerconsult.com\/en\/wp-json\/wp\/v2\/pages"}],"about":[{"href":"https:\/\/www.wernerconsult.com\/en\/wp-json\/wp\/v2\/types\/page"}],"author":[{"embeddable":true,"href":"https:\/\/www.wernerconsult.com\/en\/wp-json\/wp\/v2\/users\/15"}],"replies":[{"embeddable":true,"href":"https:\/\/www.wernerconsult.com\/en\/wp-json\/wp\/v2\/comments?post=11282"}],"version-history":[{"count":0,"href":"https:\/\/www.wernerconsult.com\/en\/wp-json\/wp\/v2\/pages\/11282\/revisions"}],"wp:featuredmedia":[{"embeddable":true,"href":"https:\/\/www.wernerconsult.com\/en\/wp-json\/wp\/v2\/media\/11283"}],"wp:attachment":[{"href":"https:\/\/www.wernerconsult.com\/en\/wp-json\/wp\/v2\/media?parent=11282"}],"curies":[{"name":"wp","href":"https:\/\/api.w.org\/{rel}","templated":true}]}}