{"id":6779,"date":"2022-03-30T12:41:23","date_gmt":"2022-03-30T10:41:23","guid":{"rendered":"https:\/\/www.wernerconsult.com\/blog-2\/"},"modified":"2023-10-17T11:17:33","modified_gmt":"2023-10-17T09:17:33","slug":"blog","status":"publish","type":"page","link":"https:\/\/www.wernerconsult.com\/en\/blog\/","title":{"rendered":"BLOG"},"content":{"rendered":"<div  class='flex_column av-1xj99u-0352f21f305c1b807398408b467d9c17 av_one_full  avia-builder-el-0  avia-builder-el-no-sibling  first flex_column_div  '     ><div  class='av-alb-blogposts template-blog  av-blog-meta-comments-disabled av-blog-meta-html-info-disabled av-blog-meta-tag-disabled '  itemscope=\"itemscope\" itemtype=\"https:\/\/schema.org\/Blog\" ><article class=\"post-entry post-entry-type-standard post-entry-5801 post-loop-1 post-parity-odd single-small with-slider post-5801 post type-post status-publish format-standard has-post-thumbnail hentry category-aktuell category-blog-en category-news\"  itemscope=\"itemscope\" itemtype=\"https:\/\/schema.org\/BlogPosting\" ><div class=\"blog-meta\"><a href='https:\/\/www.wernerconsult.com\/en\/blog-en\/remise-graz\/' class='small-preview'  title=\"RemiseGraz\"   itemprop=\"image\" itemscope=\"itemscope\" itemtype=\"https:\/\/schema.org\/ImageObject\" ><img decoding=\"async\" loading=\"lazy\" width=\"180\" height=\"180\" src=\"https:\/\/www.wernerconsult.com\/wp-content\/uploads\/2023\/05\/RemiseGraz-180x180.png\" class=\"wp-image-5803 avia-img-lazy-loading-5803 attachment-square size-square wp-post-image\" alt=\"Remise GRAZ \u2013 Werner Consult\" srcset=\"https:\/\/www.wernerconsult.com\/wp-content\/uploads\/2023\/05\/RemiseGraz-180x180.png 180w, https:\/\/www.wernerconsult.com\/wp-content\/uploads\/2023\/05\/RemiseGraz-80x80.png 80w, https:\/\/www.wernerconsult.com\/wp-content\/uploads\/2023\/05\/RemiseGraz-36x36.png 36w\" sizes=\"auto, (max-width: 180px) 100vw, 180px\" \/><span class='iconfont avia-svg-icon avia-font-svg_entypo-fontello' data-av_svg_icon='pencil' data-av_iconset='svg_entypo-fontello' ><svg version=\"1.1\" xmlns=\"http:\/\/www.w3.org\/2000\/svg\" width=\"25\" height=\"32\" viewBox=\"0 0 25 32\" preserveAspectRatio=\"xMidYMid meet\" role=\"graphics-symbol\" aria-hidden=\"true\">\n<path d=\"M22.976 5.44q1.024 1.024 1.504 2.048t0.48 1.536v0.512l-8.064 8.064-9.28 9.216-7.616 1.664 1.6-7.68 9.28-9.216 8.064-8.064q1.728-0.384 4.032 1.92zM7.168 25.92l0.768-0.768q-0.064-1.408-1.664-3.008-0.704-0.704-1.44-1.12t-1.12-0.416l-0.448-0.064-0.704 0.768-0.576 2.56q0.896 0.512 1.472 1.088 0.768 0.768 1.152 1.536z\"><\/path>\n<\/svg><\/span><\/a><\/div><div class='entry-content-wrapper clearfix standard-content'><header class=\"entry-content-header\" aria-label=\"Post: Remise GRAZ\"><h2 class='post-title entry-title '  itemprop=\"headline\" ><a href=\"https:\/\/www.wernerconsult.com\/en\/blog-en\/remise-graz\/\" rel=\"bookmark\" title=\"Permanent Link: Remise GRAZ\">Remise GRAZ<span class=\"post-format-icon minor-meta\"><\/span><\/a><\/h2><span class=\"post-meta-infos\"><time class=\"date-container minor-meta updated\"  itemprop=\"datePublished\" datetime=\"2023-05-22T10:55:55+02:00\" >22. May 2023<\/time><span class=\"text-sep\">\/<\/span><span class=\"blog-categories minor-meta\">in <a href=\"https:\/\/www.wernerconsult.com\/category\/aktuell\/\" rel=\"tag\">Aktuell<\/a>, <a href=\"https:\/\/www.wernerconsult.com\/en\/category\/blog-en\/\" rel=\"tag\">blog<\/a>, <a href=\"https:\/\/www.wernerconsult.com\/en\/category\/news\/\" rel=\"tag\">News<\/a><\/span><span class=\"text-sep\">\/<\/span><span class=\"blog-author minor-meta\">by <span class=\"entry-author-link\"  itemprop=\"author\" ><span class=\"author\"><span class=\"fn\"><a href=\"https:\/\/www.wernerconsult.com\/en\/author\/guelsuem\/\" title=\"Posts by G\u00fcls\u00fcm T\u00fcnger\" rel=\"author\">G\u00fcls\u00fcm T\u00fcnger<\/a><\/span><\/span><\/span><\/span><\/span><\/header><div class=\"entry-content\"  itemprop=\"text\" ><p>Am 26.01.2023 fand an der HTL M\u00f6dling ein Recruiting Day statt.\u00a0<\/p>\n<p>WERNER CONSULT war nicht nur mit einem Stand vertreten&#8230;<\/p>\n<div class=\"read-more-link\"><a href=\"https:\/\/www.wernerconsult.com\/en\/blog-en\/remise-graz\/\" class=\"more-link\">Read more<span class='more-link-arrow avia-svg-icon avia-font-svg_entypo-fontello' data-av_svg_icon='right-open-big' data-av_iconset='svg_entypo-fontello'><svg version=\"1.1\" xmlns=\"http:\/\/www.w3.org\/2000\/svg\" width=\"15\" height=\"32\" viewBox=\"0 0 15 32\" preserveAspectRatio=\"xMidYMid meet\" role=\"graphics-symbol\" aria-hidden=\"true\">\n<path d=\"M0.416 27.84l11.456-11.84-11.456-11.904q-0.832-0.832 0-1.536 0.832-0.832 1.536 0l12.544 12.608q0.768 0.832 0 1.6l-12.544 12.608q-0.704 0.832-1.536 0-0.832-0.704 0-1.536z\"><\/path>\n<\/svg><\/span><\/a><\/div>\n<\/div><footer class=\"entry-footer\"><\/footer><div class='post_delimiter'><\/div><\/div><div class=\"post_author_timeline\"><\/div><span class='hidden'>\n\t\t\t\t<span class='av-structured-data'  itemprop=\"image\" itemscope=\"itemscope\" itemtype=\"https:\/\/schema.org\/ImageObject\" >\n\t\t\t\t\t\t<span itemprop='url'>https:\/\/www.wernerconsult.com\/wp-content\/uploads\/2023\/05\/RemiseGraz.png<\/span>\n\t\t\t\t\t\t<span itemprop='height'>525<\/span>\n\t\t\t\t\t\t<span itemprop='width'>984<\/span>\n\t\t\t\t<\/span>\n\t\t\t\t<span class='av-structured-data'  itemprop=\"publisher\" itemtype=\"https:\/\/schema.org\/Organization\" itemscope=\"itemscope\" >\n\t\t\t\t\t\t<span itemprop='name'>G\u00fcls\u00fcm T\u00fcnger<\/span>\n\t\t\t\t\t\t<span itemprop='logo' itemscope itemtype='https:\/\/schema.org\/ImageObject'>\n\t\t\t\t\t\t\t<span itemprop='url'>https:\/\/www.wernerconsult.com\/wp-content\/uploads\/2022\/07\/WECO_logo4c0-51-98-0-1.svg<\/span>\n\t\t\t\t\t\t<\/span>\n\t\t\t\t<\/span><span class='av-structured-data'  itemprop=\"author\" itemscope=\"itemscope\" itemtype=\"https:\/\/schema.org\/Person\" ><span itemprop='name'>G\u00fcls\u00fcm T\u00fcnger<\/span><\/span><span class='av-structured-data'  itemprop=\"datePublished\" datetime=\"2023-05-22T10:55:55+02:00\" >2023-05-22 10:55:55<\/span><span class='av-structured-data'  itemprop=\"dateModified\" itemtype=\"https:\/\/schema.org\/dateModified\" >2023-05-25 16:19:35<\/span><span class='av-structured-data'  itemprop=\"mainEntityOfPage\" itemtype=\"https:\/\/schema.org\/mainEntityOfPage\" ><span itemprop='name'>Remise GRAZ<\/span><\/span><\/span><\/article><article class=\"post-entry post-entry-type-standard post-entry-4519 post-loop-2 post-parity-even post-entry-last single-small with-slider post-4519 post type-post status-publish format-standard has-post-thumbnail hentry category-aktuell category-blog category-blog-en\"  itemscope=\"itemscope\" itemtype=\"https:\/\/schema.org\/BlogPosting\" ><div class=\"blog-meta\"><a href='https:\/\/www.wernerconsult.com\/en\/blog\/spatenstich-seebad-breitenbrunn\/' class='small-preview'  title=\"BReitenbrunn\"   itemprop=\"image\" itemscope=\"itemscope\" itemtype=\"https:\/\/schema.org\/ImageObject\" ><img decoding=\"async\" loading=\"lazy\" width=\"180\" height=\"180\" src=\"https:\/\/www.wernerconsult.com\/wp-content\/uploads\/2023\/01\/BReitenbrunn-180x180.png\" class=\"wp-image-5812 avia-img-lazy-loading-5812 attachment-square size-square wp-post-image\" alt=\"Groundbreaking Seebad Breitenbrunn \u2013 Werner Consult\" srcset=\"https:\/\/www.wernerconsult.com\/wp-content\/uploads\/2023\/01\/BReitenbrunn-180x180.png 180w, https:\/\/www.wernerconsult.com\/wp-content\/uploads\/2023\/01\/BReitenbrunn-80x80.png 80w, https:\/\/www.wernerconsult.com\/wp-content\/uploads\/2023\/01\/BReitenbrunn-36x36.png 36w\" sizes=\"auto, (max-width: 180px) 100vw, 180px\" \/><span class='iconfont avia-svg-icon avia-font-svg_entypo-fontello' data-av_svg_icon='pencil' data-av_iconset='svg_entypo-fontello' ><svg version=\"1.1\" xmlns=\"http:\/\/www.w3.org\/2000\/svg\" width=\"25\" height=\"32\" viewBox=\"0 0 25 32\" preserveAspectRatio=\"xMidYMid meet\" role=\"graphics-symbol\" aria-hidden=\"true\">\n<path d=\"M22.976 5.44q1.024 1.024 1.504 2.048t0.48 1.536v0.512l-8.064 8.064-9.28 9.216-7.616 1.664 1.6-7.68 9.28-9.216 8.064-8.064q1.728-0.384 4.032 1.92zM7.168 25.92l0.768-0.768q-0.064-1.408-1.664-3.008-0.704-0.704-1.44-1.12t-1.12-0.416l-0.448-0.064-0.704 0.768-0.576 2.56q0.896 0.512 1.472 1.088 0.768 0.768 1.152 1.536z\"><\/path>\n<\/svg><\/span><\/a><\/div><div class='entry-content-wrapper clearfix standard-content'><header class=\"entry-content-header\" aria-label=\"Post: Groundbreaking Seebad Breitenbrunn\"><h2 class='post-title entry-title '  itemprop=\"headline\" ><a href=\"https:\/\/www.wernerconsult.com\/en\/blog\/spatenstich-seebad-breitenbrunn\/\" rel=\"bookmark\" title=\"Permanent Link: Groundbreaking Seebad Breitenbrunn\">Groundbreaking Seebad Breitenbrunn<span class=\"post-format-icon minor-meta\"><\/span><\/a><\/h2><span class=\"post-meta-infos\"><time class=\"date-container minor-meta updated\"  itemprop=\"datePublished\" datetime=\"2023-01-27T11:05:48+01:00\" >27. January 2023<\/time><span class=\"text-sep\">\/<\/span><span class=\"blog-categories minor-meta\">in <a href=\"https:\/\/www.wernerconsult.com\/category\/aktuell\/\" rel=\"tag\">Aktuell<\/a>, <a href=\"https:\/\/www.wernerconsult.com\/category\/blog\/\" rel=\"tag\">Blog<\/a>, <a href=\"https:\/\/www.wernerconsult.com\/en\/category\/blog-en\/\" rel=\"tag\">blog<\/a><\/span><span class=\"text-sep\">\/<\/span><span class=\"blog-author minor-meta\">by <span class=\"entry-author-link\"  itemprop=\"author\" ><span class=\"author\"><span class=\"fn\"><a href=\"https:\/\/www.wernerconsult.com\/en\/author\/guelsuem\/\" title=\"Posts by G\u00fcls\u00fcm T\u00fcnger\" rel=\"author\">G\u00fcls\u00fcm T\u00fcnger<\/a><\/span><\/span><\/span><\/span><\/span><\/header><div class=\"entry-content\"  itemprop=\"text\" ><p>The groundbreaking ceremony for the next construction phase took place on October 13!<br \/>\nThe planning for the redesign of the seaside resort of Breitenbrunn began in autumn 2015 with an international competition&#8230;<\/p>\n<div class=\"read-more-link\"><a href=\"https:\/\/www.wernerconsult.com\/en\/blog\/spatenstich-seebad-breitenbrunn\/\" class=\"more-link\">Read more<span class='more-link-arrow avia-svg-icon avia-font-svg_entypo-fontello' data-av_svg_icon='right-open-big' data-av_iconset='svg_entypo-fontello'><svg version=\"1.1\" xmlns=\"http:\/\/www.w3.org\/2000\/svg\" width=\"15\" height=\"32\" viewBox=\"0 0 15 32\" preserveAspectRatio=\"xMidYMid meet\" role=\"graphics-symbol\" aria-hidden=\"true\">\n<path d=\"M0.416 27.84l11.456-11.84-11.456-11.904q-0.832-0.832 0-1.536 0.832-0.832 1.536 0l12.544 12.608q0.768 0.832 0 1.6l-12.544 12.608q-0.704 0.832-1.536 0-0.832-0.704 0-1.536z\"><\/path>\n<\/svg><\/span><\/a><\/div>\n<\/div><footer class=\"entry-footer\"><\/footer><div class='post_delimiter'><\/div><\/div><div class=\"post_author_timeline\"><\/div><span class='hidden'>\n\t\t\t\t<span class='av-structured-data'  itemprop=\"image\" itemscope=\"itemscope\" itemtype=\"https:\/\/schema.org\/ImageObject\" >\n\t\t\t\t\t\t<span itemprop='url'>https:\/\/www.wernerconsult.com\/wp-content\/uploads\/2023\/01\/BReitenbrunn.png<\/span>\n\t\t\t\t\t\t<span itemprop='height'>617<\/span>\n\t\t\t\t\t\t<span itemprop='width'>768<\/span>\n\t\t\t\t<\/span>\n\t\t\t\t<span class='av-structured-data'  itemprop=\"publisher\" itemtype=\"https:\/\/schema.org\/Organization\" itemscope=\"itemscope\" >\n\t\t\t\t\t\t<span itemprop='name'>G\u00fcls\u00fcm T\u00fcnger<\/span>\n\t\t\t\t\t\t<span itemprop='logo' itemscope itemtype='https:\/\/schema.org\/ImageObject'>\n\t\t\t\t\t\t\t<span itemprop='url'>https:\/\/www.wernerconsult.com\/wp-content\/uploads\/2022\/07\/WECO_logo4c0-51-98-0-1.svg<\/span>\n\t\t\t\t\t\t<\/span>\n\t\t\t\t<\/span><span class='av-structured-data'  itemprop=\"author\" itemscope=\"itemscope\" itemtype=\"https:\/\/schema.org\/Person\" ><span itemprop='name'>G\u00fcls\u00fcm T\u00fcnger<\/span><\/span><span class='av-structured-data'  itemprop=\"datePublished\" datetime=\"2023-01-27T11:05:48+01:00\" >2023-01-27 11:05:48<\/span><span class='av-structured-data'  itemprop=\"dateModified\" itemtype=\"https:\/\/schema.org\/dateModified\" >2023-05-25 16:16:59<\/span><span class='av-structured-data'  itemprop=\"mainEntityOfPage\" itemtype=\"https:\/\/schema.org\/mainEntityOfPage\" ><span itemprop='name'>Groundbreaking Seebad Breitenbrunn<\/span><\/span><\/span><\/article><div class='single-small'><\/div><\/div><\/div>\n","protected":false},"excerpt":{"rendered":"","protected":false},"author":9,"featured_media":0,"parent":0,"menu_order":0,"comment_status":"closed","ping_status":"closed","template":"","meta":{"_acf_changed":false,"inline_featured_image":false,"footnotes":""},"class_list":["post-6779","page","type-page","status-publish","hentry"],"acf":[],"yoast_head":"<!-- This site is optimized with the Yoast SEO plugin v27.4 - https:\/\/yoast.com\/product\/yoast-seo-wordpress\/ -->\n<title>BLOG &#8211; Werner Consult<\/title>\n<meta name=\"robots\" content=\"index, follow, max-snippet:-1, max-image-preview:large, max-video-preview:-1\" \/>\n<link rel=\"canonical\" href=\"https:\/\/www.wernerconsult.com\/en\/blog\/\" \/>\n<meta property=\"og:locale\" content=\"en_US\" \/>\n<meta property=\"og:type\" content=\"article\" \/>\n<meta property=\"og:title\" content=\"BLOG &#8211; Werner Consult\" \/>\n<meta property=\"og:url\" content=\"https:\/\/www.wernerconsult.com\/en\/blog\/\" \/>\n<meta property=\"og:site_name\" content=\"Werner Consult\" \/>\n<meta property=\"article:modified_time\" content=\"2023-10-17T09:17:33+00:00\" \/>\n<meta name=\"twitter:card\" content=\"summary_large_image\" \/>\n<meta name=\"twitter:label1\" content=\"Est. reading time\" \/>\n\t<meta name=\"twitter:data1\" content=\"1 minute\" \/>\n<script type=\"application\/ld+json\" class=\"yoast-schema-graph\">{\"@context\":\"https:\\\/\\\/schema.org\",\"@graph\":[{\"@type\":\"WebPage\",\"@id\":\"https:\\\/\\\/www.wernerconsult.com\\\/en\\\/blog\\\/\",\"url\":\"https:\\\/\\\/www.wernerconsult.com\\\/en\\\/blog\\\/\",\"name\":\"BLOG &#8211; Werner Consult\",\"isPartOf\":{\"@id\":\"https:\\\/\\\/www.wernerconsult.com\\\/en\\\/#website\"},\"datePublished\":\"2022-03-30T10:41:23+00:00\",\"dateModified\":\"2023-10-17T09:17:33+00:00\",\"breadcrumb\":{\"@id\":\"https:\\\/\\\/www.wernerconsult.com\\\/en\\\/blog\\\/#breadcrumb\"},\"inLanguage\":\"en-US\",\"potentialAction\":[{\"@type\":\"ReadAction\",\"target\":[\"https:\\\/\\\/www.wernerconsult.com\\\/en\\\/blog\\\/\"]}]},{\"@type\":\"BreadcrumbList\",\"@id\":\"https:\\\/\\\/www.wernerconsult.com\\\/en\\\/blog\\\/#breadcrumb\",\"itemListElement\":[{\"@type\":\"ListItem\",\"position\":1,\"name\":\"Home\",\"item\":\"https:\\\/\\\/www.wernerconsult.com\\\/en\\\/\"},{\"@type\":\"ListItem\",\"position\":2,\"name\":\"BLOG\"}]},{\"@type\":\"WebSite\",\"@id\":\"https:\\\/\\\/www.wernerconsult.com\\\/en\\\/#website\",\"url\":\"https:\\\/\\\/www.wernerconsult.com\\\/en\\\/\",\"name\":\"Werner Consult\",\"description\":\"\",\"potentialAction\":[{\"@type\":\"SearchAction\",\"target\":{\"@type\":\"EntryPoint\",\"urlTemplate\":\"https:\\\/\\\/www.wernerconsult.com\\\/en\\\/?s={search_term_string}\"},\"query-input\":{\"@type\":\"PropertyValueSpecification\",\"valueRequired\":true,\"valueName\":\"search_term_string\"}}],\"inLanguage\":\"en-US\"}]}<\/script>\n<!-- \/ Yoast SEO plugin. -->","yoast_head_json":{"title":"BLOG &#8211; Werner Consult","robots":{"index":"index","follow":"follow","max-snippet":"max-snippet:-1","max-image-preview":"max-image-preview:large","max-video-preview":"max-video-preview:-1"},"canonical":"https:\/\/www.wernerconsult.com\/en\/blog\/","og_locale":"en_US","og_type":"article","og_title":"BLOG &#8211; Werner Consult","og_url":"https:\/\/www.wernerconsult.com\/en\/blog\/","og_site_name":"Werner Consult","article_modified_time":"2023-10-17T09:17:33+00:00","twitter_card":"summary_large_image","twitter_misc":{"Est. reading time":"1 minute"},"schema":{"@context":"https:\/\/schema.org","@graph":[{"@type":"WebPage","@id":"https:\/\/www.wernerconsult.com\/en\/blog\/","url":"https:\/\/www.wernerconsult.com\/en\/blog\/","name":"BLOG &#8211; Werner Consult","isPartOf":{"@id":"https:\/\/www.wernerconsult.com\/en\/#website"},"datePublished":"2022-03-30T10:41:23+00:00","dateModified":"2023-10-17T09:17:33+00:00","breadcrumb":{"@id":"https:\/\/www.wernerconsult.com\/en\/blog\/#breadcrumb"},"inLanguage":"en-US","potentialAction":[{"@type":"ReadAction","target":["https:\/\/www.wernerconsult.com\/en\/blog\/"]}]},{"@type":"BreadcrumbList","@id":"https:\/\/www.wernerconsult.com\/en\/blog\/#breadcrumb","itemListElement":[{"@type":"ListItem","position":1,"name":"Home","item":"https:\/\/www.wernerconsult.com\/en\/"},{"@type":"ListItem","position":2,"name":"BLOG"}]},{"@type":"WebSite","@id":"https:\/\/www.wernerconsult.com\/en\/#website","url":"https:\/\/www.wernerconsult.com\/en\/","name":"Werner Consult","description":"","potentialAction":[{"@type":"SearchAction","target":{"@type":"EntryPoint","urlTemplate":"https:\/\/www.wernerconsult.com\/en\/?s={search_term_string}"},"query-input":{"@type":"PropertyValueSpecification","valueRequired":true,"valueName":"search_term_string"}}],"inLanguage":"en-US"}]}},"_links":{"self":[{"href":"https:\/\/www.wernerconsult.com\/en\/wp-json\/wp\/v2\/pages\/6779","targetHints":{"allow":["GET"]}}],"collection":[{"href":"https:\/\/www.wernerconsult.com\/en\/wp-json\/wp\/v2\/pages"}],"about":[{"href":"https:\/\/www.wernerconsult.com\/en\/wp-json\/wp\/v2\/types\/page"}],"author":[{"embeddable":true,"href":"https:\/\/www.wernerconsult.com\/en\/wp-json\/wp\/v2\/users\/9"}],"replies":[{"embeddable":true,"href":"https:\/\/www.wernerconsult.com\/en\/wp-json\/wp\/v2\/comments?post=6779"}],"version-history":[{"count":0,"href":"https:\/\/www.wernerconsult.com\/en\/wp-json\/wp\/v2\/pages\/6779\/revisions"}],"wp:attachment":[{"href":"https:\/\/www.wernerconsult.com\/en\/wp-json\/wp\/v2\/media?parent=6779"}],"curies":[{"name":"wp","href":"https:\/\/api.w.org\/{rel}","templated":true}]}}